{"id":8,"date":"2016-09-19T20:43:14","date_gmt":"2016-09-19T18:43:14","guid":{"rendered":"http:\/\/compertus.ue.poznan.pl\/wordpress\/?page_id=8"},"modified":"2026-03-05T16:00:24","modified_gmt":"2026-03-05T15:00:24","slug":"o-nas","status":"publish","type":"page","link":"https:\/\/compertus.ue.poznan.pl\/index.php\/o-nas\/","title":{"rendered":"O nas"},"content":{"rendered":"\t\t<div data-elementor-type=\"wp-page\" data-elementor-id=\"8\" class=\"elementor elementor-8\">\n\t\t\t\t<div class=\"elementor-element elementor-element-f29ba32 e-flex e-con-boxed e-con e-parent\" data-id=\"f29ba32\" data-element_type=\"container\" data-e-type=\"container\">\n\t\t\t\t\t<div class=\"e-con-inner\">\n\t\t\t\t<div class=\"elementor-element elementor-element-b4e1b44 elementor-widget elementor-widget-text-editor\" data-id=\"b4e1b44\" data-element_type=\"widget\" data-e-type=\"widget\" data-widget_type=\"text-editor.default\">\n\t\t\t\t<div class=\"elementor-widget-container\">\n\t\t\t\t\t\t\t\t\t<h5><strong>SKN Compertus jest Ko\u0142em Naukowym Doradztwa Biznesowego dzia\u0142aj\u0105cym przy Katedrze Zarz\u0105dzania Strategicznego na Uniwersytecie Ekonomicznym w Poznaniu.<\/strong><\/h5>\t\t\t\t\t\t\t\t<\/div>\n\t\t\t\t<\/div>\n\t\t\t\t\t<\/div>\n\t\t\t\t<\/div>\n\t\t<div class=\"elementor-element elementor-element-123a8ea e-flex e-con-boxed e-con e-parent\" data-id=\"123a8ea\" data-element_type=\"container\" data-e-type=\"container\">\n\t\t\t\t\t<div class=\"e-con-inner\">\n\t\t\t\t<div class=\"elementor-element elementor-element-b72f202 elementor-widget elementor-widget-text-editor\" data-id=\"b72f202\" data-element_type=\"widget\" data-e-type=\"widget\" data-widget_type=\"text-editor.default\">\n\t\t\t\t<div class=\"elementor-widget-container\">\n\t\t\t\t\t\t\t\t\t<p>Jeste\u015bmy grup\u0105 ambitnych student\u00f3w nastawionych na rozwijanie umiej\u0119tno\u015bci i wiedzy zdobytej na uczelni oraz wykorzystywanie ich w realnych projektach. Nasza dzia\u0142alno\u015b\u0107 opiera si\u0119 na:<\/p>\t\t\t\t\t\t\t\t<\/div>\n\t\t\t\t<\/div>\n\t\t\t\t\t<\/div>\n\t\t\t\t<\/div>\n\t\t<div class=\"elementor-element elementor-element-228a3b1 e-flex e-con-boxed e-con e-parent\" data-id=\"228a3b1\" data-element_type=\"container\" data-e-type=\"container\">\n\t\t\t\t\t<div class=\"e-con-inner\">\n\t\t\t\t<div class=\"elementor-element elementor-element-928bed3 elementor-icon-list--layout-traditional elementor-list-item-link-full_width elementor-widget elementor-widget-icon-list\" data-id=\"928bed3\" data-element_type=\"widget\" data-e-type=\"widget\" data-widget_type=\"icon-list.default\">\n\t\t\t\t<div class=\"elementor-widget-container\">\n\t\t\t\t\t\t\t<ul class=\"elementor-icon-list-items\">\n\t\t\t\t\t\t\t<li class=\"elementor-icon-list-item\">\n\t\t\t\t\t\t\t\t\t\t\t<span class=\"elementor-icon-list-icon\">\n\t\t\t\t\t\t\t<i aria-hidden=\"true\" class=\"fas fa-check-circle\"><\/i>\t\t\t\t\t\t<\/span>\n\t\t\t\t\t\t\t\t\t\t<span class=\"elementor-icon-list-text\"><b>Organizacji wydarze\u0144 na Uczelni <\/b>\u2013 udzielamy si\u0119 w \u017cyciu uczelni, organizujemy szereg warsztat\u00f3w i spotka\u0144 z przedsi\u0119biorcami<\/span>\n\t\t\t\t\t\t\t\t\t<\/li>\n\t\t\t\t\t\t\t\t<li class=\"elementor-icon-list-item\">\n\t\t\t\t\t\t\t\t\t\t\t<span class=\"elementor-icon-list-icon\">\n\t\t\t\t\t\t\t<i aria-hidden=\"true\" class=\"fas fa-check-circle\"><\/i>\t\t\t\t\t\t<\/span>\n\t\t\t\t\t\t\t\t\t\t<span class=\"elementor-icon-list-text\"><b>Projektach <\/b>\u2013 realizujemy r\u00f3\u017cne projekty w porozumieniu z dzia\u0142aj\u0105cymi na rynku firmami doradczymi i nie tylko<\/span>\n\t\t\t\t\t\t\t\t\t<\/li>\n\t\t\t\t\t\t\t\t<li class=\"elementor-icon-list-item\">\n\t\t\t\t\t\t\t\t\t\t\t<span class=\"elementor-icon-list-icon\">\n\t\t\t\t\t\t\t<i aria-hidden=\"true\" class=\"fas fa-check-circle\"><\/i>\t\t\t\t\t\t<\/span>\n\t\t\t\t\t\t\t\t\t\t<span class=\"elementor-icon-list-text\"><b>Rozwoju cz\u0142onk\u00f3w Ko\u0142a <\/b>\u2013 wewn\u0105trz Ko\u0142a uczymy si\u0119 nawzajem nowoczesnych metod i modeli biznesowych oraz bierzemy udzia\u0142 w ciekawych szkoleniach<\/span>\n\t\t\t\t\t\t\t\t\t<\/li>\n\t\t\t\t\t\t<\/ul>\n\t\t\t\t\t\t<\/div>\n\t\t\t\t<\/div>\n\t\t\t\t\t<\/div>\n\t\t\t\t<\/div>\n\t\t<div class=\"elementor-element elementor-element-71f3a0b e-flex e-con-boxed e-con e-parent\" data-id=\"71f3a0b\" data-element_type=\"container\" data-e-type=\"container\">\n\t\t\t\t\t<div class=\"e-con-inner\">\n\t\t\t\t<div class=\"elementor-element elementor-element-5d35321 elementor-widget elementor-widget-text-editor\" data-id=\"5d35321\" data-element_type=\"widget\" data-e-type=\"widget\" data-widget_type=\"text-editor.default\">\n\t\t\t\t<div class=\"elementor-widget-container\">\n\t\t\t\t\t\t\t\t\t<p>Jeste\u015bmy r\u00f3\u017cnorodni, przychodzimy z r\u00f3\u017cnych wydzia\u0142\u00f3w, jedno co nas \u0142\u0105czy to pasja, z jak\u0105 zdobywamy do\u015bwiadczenie i umiej\u0119tno\u015bci. Do ka\u017cdego projektu podchodzimy z wielkim profesjonalizmem oraz zaanga\u017cowaniem.<\/p>\t\t\t\t\t\t\t\t<\/div>\n\t\t\t\t<\/div>\n\t\t\t\t<div class=\"elementor-element elementor-element-c9d64d2 elementor-widget-divider--view-line_icon elementor-view-default elementor-widget-divider--element-align-center elementor-widget elementor-widget-divider\" data-id=\"c9d64d2\" data-element_type=\"widget\" data-e-type=\"widget\" data-widget_type=\"divider.default\">\n\t\t\t\t<div class=\"elementor-widget-container\">\n\t\t\t\t\t\t\t<div class=\"elementor-divider\">\n\t\t\t<span class=\"elementor-divider-separator\">\n\t\t\t\t\t\t\t<div class=\"elementor-icon elementor-divider__element\">\n\t\t\t\t\t<i aria-hidden=\"true\" class=\"fas fa-people-arrows\"><\/i><\/div>\n\t\t\t\t\t\t<\/span>\n\t\t<\/div>\n\t\t\t\t\t\t<\/div>\n\t\t\t\t<\/div>\n\t\t\t\t<div class=\"elementor-element elementor-element-26ca0ad elementor-widget elementor-widget-text-editor\" data-id=\"26ca0ad\" data-element_type=\"widget\" data-e-type=\"widget\" data-widget_type=\"text-editor.default\">\n\t\t\t\t<div class=\"elementor-widget-container\">\n\t\t\t\t\t\t\t\t\t<h5><strong>Poznajcie nas bli\u017cej:<\/strong><\/h5>\t\t\t\t\t\t\t\t<\/div>\n\t\t\t\t<\/div>\n\t\t\t\t\t<\/div>\n\t\t\t\t<\/div>\n\t\t<div class=\"elementor-element elementor-element-2155856 e-flex e-con-boxed e-con e-parent\" data-id=\"2155856\" data-element_type=\"container\" data-e-type=\"container\">\n\t\t\t\t\t<div class=\"e-con-inner\">\n\t\t<div class=\"elementor-element elementor-element-6c6646a e-con-full e-flex e-con e-child\" data-id=\"6c6646a\" data-element_type=\"container\" data-e-type=\"container\">\n\t\t\t\t<div class=\"elementor-element elementor-element-8525fa0 elementor-widget__width-initial elementor-widget elementor-widget-image\" data-id=\"8525fa0\" data-element_type=\"widget\" data-e-type=\"widget\" data-widget_type=\"image.default\">\n\t\t\t\t<div class=\"elementor-widget-container\">\n\t\t\t\t\t\t\t\t\t\t\t\t\t\t\t<img fetchpriority=\"high\" decoding=\"async\" width=\"667\" height=\"1000\" src=\"https:\/\/compertus.ue.poznan.pl\/wp-content\/uploads\/2024\/11\/21019.jpg\" class=\"attachment-large size-large wp-image-900\" alt=\"\" srcset=\"https:\/\/compertus.ue.poznan.pl\/wp-content\/uploads\/2024\/11\/21019.jpg 667w, https:\/\/compertus.ue.poznan.pl\/wp-content\/uploads\/2024\/11\/21019-200x300.jpg 200w, https:\/\/compertus.ue.poznan.pl\/wp-content\/uploads\/2024\/11\/21019-400x600.jpg 400w\" sizes=\"(max-width: 667px) 100vw, 667px\" \/>\t\t\t\t\t\t\t\t\t\t\t\t\t\t\t<\/div>\n\t\t\t\t<\/div>\n\t\t\t\t<\/div>\n\t\t<div class=\"elementor-element elementor-element-e990cf4 e-con-full e-flex e-con e-child\" data-id=\"e990cf4\" data-element_type=\"container\" data-e-type=\"container\">\n\t\t\t\t<div class=\"elementor-element elementor-element-82a3ede elementor-widget__width-initial elementor-widget elementor-widget-text-editor\" data-id=\"82a3ede\" data-element_type=\"widget\" data-e-type=\"widget\" data-widget_type=\"text-editor.default\">\n\t\t\t\t<div class=\"elementor-widget-container\">\n\t\t\t\t\t\t\t\t\t<h3><strong>Opiekun ko\u0142a naukowego \u2013<\/strong><br \/><strong>dr hab. Maja Sajdak, prof. UEP<\/strong><\/h3>\n<p>Od 2009 roku jest adiunktem w Katedrze Zarz\u0105dzania Strategicznego Uniwersytetu Ekonomicznego w Poznaniu. Jej zainteresowania naukowo \u2013 badawcze zwi\u0105zane s\u0105 z zarz\u0105dzaniem strategicznym, a w szczeg\u00f3lno\u015bci ze zwinno\u015bci\u0105 strategiczn\u0105. Uczestniczy\u0142a w wielu konferencjach krajowych i mi\u0119dzynarodowych oraz seminariach z tego zakresu.<\/p>\n<p>Kontakt:\u00a0<span style=\"text-decoration: underline;\"><a href=\"Maja.Sajdak@ue.poznan.pl\">Maja.Sajdak@ue.poznan.pl<\/a><\/span><\/p>\t\t\t\t\t\t\t\t<\/div>\n\t\t\t\t<\/div>\n\t\t\t\t<\/div>\n\t\t\t\t\t<\/div>\n\t\t\t\t<\/div>\n\t\t<div class=\"elementor-element elementor-element-53742b4 e-flex e-con-boxed e-con e-parent\" data-id=\"53742b4\" data-element_type=\"container\" data-e-type=\"container\">\n\t\t\t\t\t<div class=\"e-con-inner\">\n\t\t<div class=\"elementor-element elementor-element-d2952d8 e-con-full e-flex e-con e-child\" data-id=\"d2952d8\" data-element_type=\"container\" data-e-type=\"container\">\n\t\t\t\t<div class=\"elementor-element elementor-element-c220e08 elementor-widget__width-initial elementor-widget elementor-widget-image\" data-id=\"c220e08\" data-element_type=\"widget\" data-e-type=\"widget\" data-widget_type=\"image.default\">\n\t\t\t\t<div class=\"elementor-widget-container\">\n\t\t\t\t\t\t\t\t\t\t\t\t\t\t\t<img decoding=\"async\" width=\"837\" height=\"1024\" src=\"https:\/\/compertus.ue.poznan.pl\/wp-content\/uploads\/2026\/03\/IMG_7395-837x1024.jpeg\" class=\"attachment-large size-large wp-image-1144\" alt=\"\" srcset=\"https:\/\/compertus.ue.poznan.pl\/wp-content\/uploads\/2026\/03\/IMG_7395-837x1024.jpeg 837w, https:\/\/compertus.ue.poznan.pl\/wp-content\/uploads\/2026\/03\/IMG_7395-245x300.jpeg 245w, https:\/\/compertus.ue.poznan.pl\/wp-content\/uploads\/2026\/03\/IMG_7395-768x940.jpeg 768w, https:\/\/compertus.ue.poznan.pl\/wp-content\/uploads\/2026\/03\/IMG_7395-490x600.jpeg 490w, https:\/\/compertus.ue.poznan.pl\/wp-content\/uploads\/2026\/03\/IMG_7395.jpeg 1206w\" sizes=\"(max-width: 837px) 100vw, 837px\" \/>\t\t\t\t\t\t\t\t\t\t\t\t\t\t\t<\/div>\n\t\t\t\t<\/div>\n\t\t\t\t<\/div>\n\t\t<div class=\"elementor-element elementor-element-2776246 e-con-full e-flex e-con e-child\" data-id=\"2776246\" data-element_type=\"container\" data-e-type=\"container\">\n\t\t\t\t<div class=\"elementor-element elementor-element-112a67e elementor-widget__width-initial elementor-widget elementor-widget-text-editor\" data-id=\"112a67e\" data-element_type=\"widget\" data-e-type=\"widget\" data-widget_type=\"text-editor.default\">\n\t\t\t\t<div class=\"elementor-widget-container\">\n\t\t\t\t\t\t\t\t\t<h3><b>Maria Moskal<\/b><\/h3>\n<h5><b>Przewodnicz\u0105ca<\/b><\/h5>\n<p>Maria to studentka I roku studi\u00f3w magisterskich na kierunku Marketing, kt\u00f3ra obecnie stoi na czele SKN Compertus. Jej przygoda w kole zacz\u0119\u0142a si\u0119 od roli Liderki dzia\u0142u HRiKZ, gdzie szlifowa\u0142a umiej\u0119tno\u015bci zarz\u0105dzania zespo\u0142em i koordynacji projekt\u00f3w, takich jak \u201ePrzestrze\u0144 Pe\u0142na Pomys\u0142\u00f3w\u201d na Uniwersytecie Ekonomicznym w Poznaniu. Jako Przewodnicz\u0105ca dba o to, by wszystkie dzia\u0142ania ko\u0142a by\u0142y sp\u00f3jne, wyznacza strategiczne cele na kolejne semestry i czuwa nad prac\u0105 ca\u0142ego zespo\u0142u.<\/p>\n<p>Kreatywno\u015b\u0107 Marii znajduje uj\u015bcie w wymagaj\u0105cym rzemio\u015ble, jakim jest cosplay, oraz w realizacji licznych projekt\u00f3w artystycznych.<\/p>\t\t\t\t\t\t\t\t<\/div>\n\t\t\t\t<\/div>\n\t\t\t\t<\/div>\n\t\t\t\t\t<\/div>\n\t\t\t\t<\/div>\n\t\t<div class=\"elementor-element elementor-element-a85e8d5 e-flex e-con-boxed e-con e-parent\" data-id=\"a85e8d5\" data-element_type=\"container\" data-e-type=\"container\">\n\t\t\t\t\t<div class=\"e-con-inner\">\n\t\t<div class=\"elementor-element elementor-element-2e463b1 e-con-full e-flex e-con e-child\" data-id=\"2e463b1\" data-element_type=\"container\" data-e-type=\"container\">\n\t\t\t\t<div class=\"elementor-element elementor-element-fa1b02f elementor-widget__width-initial elementor-widget elementor-widget-image\" data-id=\"fa1b02f\" data-element_type=\"widget\" data-e-type=\"widget\" data-widget_type=\"image.default\">\n\t\t\t\t<div class=\"elementor-widget-container\">\n\t\t\t\t\t\t\t\t\t\t\t\t\t\t\t<img decoding=\"async\" width=\"834\" height=\"1024\" src=\"https:\/\/compertus.ue.poznan.pl\/wp-content\/uploads\/2026\/03\/IMG_7396-834x1024.jpeg\" class=\"attachment-large size-large wp-image-1143\" alt=\"\" srcset=\"https:\/\/compertus.ue.poznan.pl\/wp-content\/uploads\/2026\/03\/IMG_7396-834x1024.jpeg 834w, https:\/\/compertus.ue.poznan.pl\/wp-content\/uploads\/2026\/03\/IMG_7396-244x300.jpeg 244w, https:\/\/compertus.ue.poznan.pl\/wp-content\/uploads\/2026\/03\/IMG_7396-768x942.jpeg 768w, https:\/\/compertus.ue.poznan.pl\/wp-content\/uploads\/2026\/03\/IMG_7396-489x600.jpeg 489w, https:\/\/compertus.ue.poznan.pl\/wp-content\/uploads\/2026\/03\/IMG_7396.jpeg 1206w\" sizes=\"(max-width: 834px) 100vw, 834px\" \/>\t\t\t\t\t\t\t\t\t\t\t\t\t\t\t<\/div>\n\t\t\t\t<\/div>\n\t\t\t\t<\/div>\n\t\t<div class=\"elementor-element elementor-element-5c56ff1 e-con-full e-flex e-con e-child\" data-id=\"5c56ff1\" data-element_type=\"container\" data-e-type=\"container\">\n\t\t\t\t<div class=\"elementor-element elementor-element-aca29c1 elementor-widget__width-initial elementor-widget elementor-widget-text-editor\" data-id=\"aca29c1\" data-element_type=\"widget\" data-e-type=\"widget\" data-widget_type=\"text-editor.default\">\n\t\t\t\t<div class=\"elementor-widget-container\">\n\t\t\t\t\t\t\t\t\t<h3><b>Filip Gromadecki<\/b><\/h3>\n<h5><b>Wiceprzewodnicz\u0105cy<\/b><\/h5>\n<p>Filip, student I roku studi\u00f3w magisterskich na kierunku Cyfrowe \u0141a\u0144cuchy Dostaw, pe\u0142ni w kole funkcj\u0119 Wiceprzewodnicz\u0105cego. Wcze\u015bniej, w roku akademickim 2025\u20132026, z powodzeniem prowadzi\u0142 dzia\u0142 marketingu jako jego Lider, a swoje kompetencje rozwija\u0142 tak\u017ce w ramach IV edycji programu SLL UEP. W zarz\u0105dzie koncentruje si\u0119 na wspieraniu Przewodnicz\u0105cej w codziennym zarz\u0105dzaniu organizacj\u0105 oraz na \u015bcis\u0142ej wsp\u00f3\u0142pracy z liderami dzia\u0142\u00f3w, aby wszystkie projekty przebiega\u0142y sprawnie i bez zak\u0142\u00f3ce\u0144.<\/p>\n<p>Po godzinach Filipa mo\u017cna spotka\u0107 na torach wy\u015bcigowych lub przy trasach, gdzie oddaje si\u0119 swojej pasji do motoryzacji i carspottingu.<\/p>\t\t\t\t\t\t\t\t<\/div>\n\t\t\t\t<\/div>\n\t\t\t\t<\/div>\n\t\t\t\t\t<\/div>\n\t\t\t\t<\/div>\n\t\t<div class=\"elementor-element elementor-element-90131db e-flex e-con-boxed e-con e-parent\" data-id=\"90131db\" data-element_type=\"container\" data-e-type=\"container\">\n\t\t\t\t\t<div class=\"e-con-inner\">\n\t\t<div class=\"elementor-element elementor-element-fc89bc0 e-con-full e-flex e-con e-child\" data-id=\"fc89bc0\" data-element_type=\"container\" data-e-type=\"container\">\n\t\t\t\t<div class=\"elementor-element elementor-element-a2a5d59 elementor-widget__width-initial elementor-widget elementor-widget-image\" data-id=\"a2a5d59\" data-element_type=\"widget\" data-e-type=\"widget\" data-widget_type=\"image.default\">\n\t\t\t\t<div class=\"elementor-widget-container\">\n\t\t\t\t\t\t\t\t\t\t\t\t\t\t\t<img loading=\"lazy\" decoding=\"async\" width=\"827\" height=\"1024\" src=\"https:\/\/compertus.ue.poznan.pl\/wp-content\/uploads\/2026\/03\/IMG_7398-827x1024.jpeg\" class=\"attachment-large size-large wp-image-1142\" alt=\"\" srcset=\"https:\/\/compertus.ue.poznan.pl\/wp-content\/uploads\/2026\/03\/IMG_7398-827x1024.jpeg 827w, https:\/\/compertus.ue.poznan.pl\/wp-content\/uploads\/2026\/03\/IMG_7398-242x300.jpeg 242w, https:\/\/compertus.ue.poznan.pl\/wp-content\/uploads\/2026\/03\/IMG_7398-768x951.jpeg 768w, https:\/\/compertus.ue.poznan.pl\/wp-content\/uploads\/2026\/03\/IMG_7398-485x600.jpeg 485w, https:\/\/compertus.ue.poznan.pl\/wp-content\/uploads\/2026\/03\/IMG_7398.jpeg 1206w\" sizes=\"(max-width: 827px) 100vw, 827px\" \/>\t\t\t\t\t\t\t\t\t\t\t\t\t\t\t<\/div>\n\t\t\t\t<\/div>\n\t\t\t\t<\/div>\n\t\t<div class=\"elementor-element elementor-element-34d26ed e-con-full e-flex e-con e-child\" data-id=\"34d26ed\" data-element_type=\"container\" data-e-type=\"container\">\n\t\t\t\t<div class=\"elementor-element elementor-element-bc82c85 elementor-widget__width-initial elementor-widget elementor-widget-text-editor\" data-id=\"bc82c85\" data-element_type=\"widget\" data-e-type=\"widget\" data-widget_type=\"text-editor.default\">\n\t\t\t\t<div class=\"elementor-widget-container\">\n\t\t\t\t\t\t\t\t\t<h3><b>Jakub Czerwi\u0144ski<\/b><\/h3>\n<h5><b>Pe\u0142nomocnik Zarz\u0105du<\/b><\/h5>\n<p>Jakub to do\u015bwiadczony lider, kt\u00f3ry obecnie wspiera zarz\u0105d swoj\u0105 wiedz\u0105 merytoryczn\u0105 jako Pe\u0142nomocnik. Studiuje jednocze\u015bnie dwa kierunki magisterskie: Master in International Business oraz Cyfrowe \u0141a\u0144cuchy Dostaw, a do\u015bwiadczenie mi\u0119dzynarodowe zdobywa\u0142 podczas wymiany Erasmus w Holandii. W przesz\u0142o\u015bci pe\u0142ni\u0142 funkcje Przewodnicz\u0105cego i Wiceprzewodnicz\u0105cego ko\u0142a, realizuj\u0105c ambitne projekty dla takich marek jak Volkswagen (Gra Agile), Petsy czy Spring Forth Food. Jest r\u00f3wnie\u017c uczestnikiem III edycji programu SLL UEP.<\/p>\n<p>Dzi\u015b Jakub s\u0142u\u017cy rad\u0105 obecnemu zarz\u0105dowi w kwestiach strategicznych. Czas wolny po\u015bwi\u0119ca na podr\u00f3\u017ce, gry strategiczne oraz zg\u0142\u0119bianie temat\u00f3w z zakresu geopolityki i makroekonomii.<\/p>\t\t\t\t\t\t\t\t<\/div>\n\t\t\t\t<\/div>\n\t\t\t\t<\/div>\n\t\t\t\t\t<\/div>\n\t\t\t\t<\/div>\n\t\t<div class=\"elementor-element elementor-element-ea1b91c e-flex e-con-boxed e-con e-parent\" data-id=\"ea1b91c\" data-element_type=\"container\" data-e-type=\"container\">\n\t\t\t\t\t<div class=\"e-con-inner\">\n\t\t\t\t<div class=\"elementor-element elementor-element-5bdde56 elementor-widget elementor-widget-text-editor\" data-id=\"5bdde56\" data-element_type=\"widget\" data-e-type=\"widget\" data-widget_type=\"text-editor.default\">\n\t\t\t\t<div class=\"elementor-widget-container\">\n\t\t\t\t\t\t\t\t\t<h4><strong>Nasz zesp\u00f3\u0142<\/strong><\/h4>\n<p>Cz\u0142onk\u00f3w naszego ko\u0142a wyr\u00f3\u017cnia r\u00f3\u017cnorodno\u015b\u0107 studiowanych kierunk\u00f3w, dzi\u0119ki czemu potrafimy spojrze\u0107 na ten sam problem z wielu perspektyw. Jednak\u017ce pomimo r\u00f3\u017cnych do\u015bwiadcze\u0144 bardzo dobrze wychodzi nam wsp\u00f3\u0142praca.<\/p>\t\t\t\t\t\t\t\t<\/div>\n\t\t\t\t<\/div>\n\t\t\t\t<div class=\"elementor-element elementor-element-e050340 elementor-arrows-position-inside elementor-pagination-position-outside elementor-widget elementor-widget-image-carousel\" data-id=\"e050340\" data-element_type=\"widget\" data-e-type=\"widget\" data-settings=\"{&quot;navigation&quot;:&quot;both&quot;,&quot;autoplay&quot;:&quot;yes&quot;,&quot;pause_on_hover&quot;:&quot;yes&quot;,&quot;pause_on_interaction&quot;:&quot;yes&quot;,&quot;autoplay_speed&quot;:5000,&quot;infinite&quot;:&quot;yes&quot;,&quot;speed&quot;:500}\" data-widget_type=\"image-carousel.default\">\n\t\t\t\t<div class=\"elementor-widget-container\">\n\t\t\t\t\t\t\t<div class=\"elementor-image-carousel-wrapper swiper\" role=\"region\" aria-roledescription=\"carousel\" aria-label=\"Wydarzenia\" dir=\"ltr\">\n\t\t\t<div class=\"elementor-image-carousel swiper-wrapper\" aria-live=\"off\">\n\t\t\t\t\t\t\t\t<div class=\"swiper-slide\" role=\"group\" aria-roledescription=\"slide\" aria-label=\"1 z 8\"><figure class=\"swiper-slide-inner\"><img decoding=\"async\" class=\"swiper-slide-image\" src=\"https:\/\/compertus.ue.poznan.pl\/wp-content\/uploads\/2025\/12\/604904830_18157166599408499_5347281501451275559_n-330x350.jpg\" alt=\"Wigilia Compertusa\" \/><figcaption class=\"elementor-image-carousel-caption\">Wigilia Compertusa<\/figcaption><\/figure><\/div><div class=\"swiper-slide\" role=\"group\" aria-roledescription=\"slide\" aria-label=\"2 z 8\"><figure class=\"swiper-slide-inner\"><img decoding=\"async\" class=\"swiper-slide-image\" src=\"https:\/\/compertus.ue.poznan.pl\/wp-content\/uploads\/2025\/12\/597930212_1375703764342107_5126600393849134698_n-330x350.jpg\" alt=\"Pierwsze kroki w consultingu\" \/><figcaption class=\"elementor-image-carousel-caption\">Pierwsze kroki w consultingu<\/figcaption><\/figure><\/div><div class=\"swiper-slide\" role=\"group\" aria-roledescription=\"slide\" aria-label=\"3 z 8\"><figure class=\"swiper-slide-inner\"><img decoding=\"async\" class=\"swiper-slide-image\" src=\"https:\/\/compertus.ue.poznan.pl\/wp-content\/uploads\/2025\/12\/577039310_1371737391405411_750819040385665365_n-330x350.jpg\" alt=\"Spotkanie z Phinance\" \/><figcaption class=\"elementor-image-carousel-caption\">Spotkanie z Phinance<\/figcaption><\/figure><\/div><div class=\"swiper-slide\" role=\"group\" aria-roledescription=\"slide\" aria-label=\"4 z 8\"><figure class=\"swiper-slide-inner\"><img decoding=\"async\" class=\"swiper-slide-image\" src=\"https:\/\/compertus.ue.poznan.pl\/wp-content\/uploads\/2025\/11\/588004055_1360695922509558_3325136858434139690_n-330x350.jpg\" alt=\"Wyjazd na ForFin\" \/><figcaption class=\"elementor-image-carousel-caption\">Wyjazd na ForFin<\/figcaption><\/figure><\/div><div class=\"swiper-slide\" role=\"group\" aria-roledescription=\"slide\" aria-label=\"5 z 8\"><figure class=\"swiper-slide-inner\"><img decoding=\"async\" class=\"swiper-slide-image\" src=\"https:\/\/compertus.ue.poznan.pl\/wp-content\/uploads\/2025\/11\/583200067_1356285182950632_7870885206427515259_n-330x350.jpg\" alt=\"Wydarzenie Mastercard\" \/><figcaption class=\"elementor-image-carousel-caption\">Wydarzenie Mastercard<\/figcaption><\/figure><\/div><div class=\"swiper-slide\" role=\"group\" aria-roledescription=\"slide\" aria-label=\"6 z 8\"><figure class=\"swiper-slide-inner\"><img decoding=\"async\" class=\"swiper-slide-image\" src=\"https:\/\/compertus.ue.poznan.pl\/wp-content\/uploads\/2025\/10\/obraz_2026-02-17_135732955-330x350.png\" alt=\"Foka\" \/><figcaption class=\"elementor-image-carousel-caption\">Foka<\/figcaption><\/figure><\/div><div class=\"swiper-slide\" role=\"group\" aria-roledescription=\"slide\" aria-label=\"7 z 8\"><figure class=\"swiper-slide-inner\"><img decoding=\"async\" class=\"swiper-slide-image\" src=\"https:\/\/compertus.ue.poznan.pl\/wp-content\/uploads\/2026\/01\/IMG_7381-330x350.jpg\" alt=\"Spotkania\" \/><figcaption class=\"elementor-image-carousel-caption\">Spotkania<\/figcaption><\/figure><\/div><div class=\"swiper-slide\" role=\"group\" aria-roledescription=\"slide\" aria-label=\"8 z 8\"><figure class=\"swiper-slide-inner\"><img decoding=\"async\" class=\"swiper-slide-image\" src=\"https:\/\/compertus.ue.poznan.pl\/wp-content\/uploads\/2025\/09\/image-330x350.png\" alt=\"Wyjazd Ch\u0142opy\" \/><figcaption class=\"elementor-image-carousel-caption\">Wyjazd Ch\u0142opy<\/figcaption><\/figure><\/div>\t\t\t<\/div>\n\t\t\t\t\t\t\t\t\t\t\t\t<div class=\"elementor-swiper-button elementor-swiper-button-prev\" role=\"button\" tabindex=\"0\">\n\t\t\t\t\t\t<i aria-hidden=\"true\" class=\"eicon-chevron-left\"><\/i>\t\t\t\t\t<\/div>\n\t\t\t\t\t<div class=\"elementor-swiper-button elementor-swiper-button-next\" role=\"button\" tabindex=\"0\">\n\t\t\t\t\t\t<i aria-hidden=\"true\" class=\"eicon-chevron-right\"><\/i>\t\t\t\t\t<\/div>\n\t\t\t\t\n\t\t\t\t\t\t\t\t\t<div class=\"swiper-pagination\"><\/div>\n\t\t\t\t\t\t\t\t\t<\/div>\n\t\t\t\t\t\t<\/div>\n\t\t\t\t<\/div>\n\t\t\t\t\t<\/div>\n\t\t\t\t<\/div>\n\t\t\t\t<\/div>\n\t\t","protected":false},"excerpt":{"rendered":"<p>SKN Compertus jest Ko\u0142em Naukowym Doradztwa Biznesowego dzia\u0142aj\u0105cym przy Katedrze Zarz\u0105dzania Strategicznego na Uniwersytecie Ekonomicznym w Poznaniu. Jeste\u015bmy grup\u0105 ambitnych student\u00f3w nastawionych na rozwijanie umiej\u0119tno\u015bci i wiedzy zdobytej na uczelni &hellip; <\/p>\n","protected":false},"author":1,"featured_media":0,"parent":0,"menu_order":0,"comment_status":"closed","ping_status":"closed","template":"","meta":{"two_page_speed":[],"footnotes":""},"class_list":["post-8","page","type-page","status-publish","hentry","has-meta has-sticky-meta"],"_links":{"self":[{"href":"https:\/\/compertus.ue.poznan.pl\/index.php\/wp-json\/wp\/v2\/pages\/8","targetHints":{"allow":["GET"]}}],"collection":[{"href":"https:\/\/compertus.ue.poznan.pl\/index.php\/wp-json\/wp\/v2\/pages"}],"about":[{"href":"https:\/\/compertus.ue.poznan.pl\/index.php\/wp-json\/wp\/v2\/types\/page"}],"author":[{"embeddable":true,"href":"https:\/\/compertus.ue.poznan.pl\/index.php\/wp-json\/wp\/v2\/users\/1"}],"replies":[{"embeddable":true,"href":"https:\/\/compertus.ue.poznan.pl\/index.php\/wp-json\/wp\/v2\/comments?post=8"}],"version-history":[{"count":121,"href":"https:\/\/compertus.ue.poznan.pl\/index.php\/wp-json\/wp\/v2\/pages\/8\/revisions"}],"predecessor-version":[{"id":1147,"href":"https:\/\/compertus.ue.poznan.pl\/index.php\/wp-json\/wp\/v2\/pages\/8\/revisions\/1147"}],"wp:attachment":[{"href":"https:\/\/compertus.ue.poznan.pl\/index.php\/wp-json\/wp\/v2\/media?parent=8"}],"curies":[{"name":"wp","href":"https:\/\/api.w.org\/{rel}","templated":true}]}}