{"id":33,"date":"2016-09-19T21:05:48","date_gmt":"2016-09-19T19:05:48","guid":{"rendered":"http:\/\/compertus.ue.poznan.pl\/wordpress\/?page_id=33"},"modified":"2024-11-17T12:14:32","modified_gmt":"2024-11-17T11:14:32","slug":"oferta-2","status":"publish","type":"page","link":"https:\/\/compertus.ue.poznan.pl\/index.php\/oferta-2\/","title":{"rendered":"Oferta"},"content":{"rendered":"<p style=\"text-align: left;\"><img fetchpriority=\"high\" decoding=\"async\" class=\"alignleft wp-image-170 size-medium\" src=\"http:\/\/compertus.ue.poznan.pl\/wordpress\/wp-content\/uploads\/2016\/09\/oferta-300x200.jpg\" alt=\"oferta\" width=\"300\" height=\"200\" srcset=\"https:\/\/compertus.ue.poznan.pl\/wp-content\/uploads\/2016\/09\/oferta-300x200.jpg 300w, https:\/\/compertus.ue.poznan.pl\/wp-content\/uploads\/2016\/09\/oferta-768x512.jpg 768w, https:\/\/compertus.ue.poznan.pl\/wp-content\/uploads\/2016\/09\/oferta-1024x683.jpg 1024w, https:\/\/compertus.ue.poznan.pl\/wp-content\/uploads\/2016\/09\/oferta-750x500.jpg 750w, https:\/\/compertus.ue.poznan.pl\/wp-content\/uploads\/2016\/09\/oferta-250x167.jpg 250w, https:\/\/compertus.ue.poznan.pl\/wp-content\/uploads\/2016\/09\/oferta-550x367.jpg 550w, https:\/\/compertus.ue.poznan.pl\/wp-content\/uploads\/2016\/09\/oferta-800x534.jpg 800w, https:\/\/compertus.ue.poznan.pl\/wp-content\/uploads\/2016\/09\/oferta-270x180.jpg 270w, https:\/\/compertus.ue.poznan.pl\/wp-content\/uploads\/2016\/09\/oferta-450x300.jpg 450w, https:\/\/compertus.ue.poznan.pl\/wp-content\/uploads\/2016\/09\/oferta.jpg 2048w\" sizes=\"(max-width: 300px) 100vw, 300px\" \/><\/p>\n<p><b>Wydarzenia na uczelni<\/b><\/p>\n<p><span style=\"color: var(--black-color); font-family: var(--primary-font); font-size: 1em;\">Jako studenci r\u00f3\u017cnych kierunk\u00f3w dysponujemy kompleksow\u0105 wiedz\u0105 z zakresu nauk ekonomicznych. <\/span><\/p>\n<p><span style=\"font-weight: 400;\">Od pocz\u0105tku dzia\u0142alno\u015bci prowadzimy wsp\u00f3\u0142prac\u0119 z otoczeniem biznesowym w tematyce konsultingu na Uniwersytecie. Organizowane przez nas wydarzenia w postaci warsztat\u00f3w, wyk\u0142ad\u00f3w, konferencji czy event\u00f3w tematycznych s\u0105 r\u00f3wnie\u017c skutecznym sposobem na promocj\u0119 firmy w \u015brodowisku studenckim.<\/span><\/p>\n<p style=\"text-align: justify;\"><span style=\"font-weight: 400;\">Jeste\u015bmy gotowi do rozpocz\u0119cia wsp\u00f3\u0142pracy w ka\u017cdej chwili. Zapraszamy do kontaktu!<\/span><\/p>\n<hr \/>\n<p><span style=\"font-weight: 400;\">Zapraszamy do wsp\u00f3\u0142organizacji warsztat\u00f3w, szkole\u0144 czy prelekcji dla student\u00f3w. <\/span><span style=\"font-weight: 400;\">Co oferujemy?<\/span><\/p>\n<ul>\n<li style=\"font-weight: 400;\"><span style=\"font-weight: 400;\">wsp\u00f3\u0142prac\u0119 i pomoc przy projektach<\/span><\/li>\n<li style=\"font-weight: 400;\"><span style=\"font-weight: 400;\">projekty realizowane metod\u0105 design thinking<\/span><\/li>\n<li>promocj\u0119 firmy w mediach spo\u0142eczno\u015bciowym naszego Ko\u0142a<\/li>\n<\/ul>\n<p>Wsp\u00f3\u0142pracowali z nami m.in:<\/p>\n<ul>\n<li><span style=\"color: #000000;\">Phinance<\/span><\/li>\n<li><span style=\"color: #000000;\"><span style=\"font-weight: 400;\">Hochland<\/span><\/span><\/li>\n<li><span style=\"color: #000000;\">Nivea<\/span><\/li>\n<li><span style=\"color: #000000;\">DSV<\/span><\/li>\n<li>Volkswagen Pozna\u0144<\/li>\n<li>LIDL<\/li>\n<li>IPMA<\/li>\n<li>i wiele innych!<\/li>\n<\/ul>\n<div><\/div>\n<div class=\"_50f4\" style=\"text-align: center;\">Mail: skn.compertus.uep@gmail.com<\/div>\n<p style=\"text-align: center;\"><span style=\"font-weight: 400;\">Wi\u0119cej na <a href=\"https:\/\/www.facebook.com\/skncompertus\/\">https:\/\/www.facebook.com\/skncompertus\/<\/a><\/span><\/p>\n","protected":false},"excerpt":{"rendered":"<p>Wydarzenia na uczelni Jako studenci r\u00f3\u017cnych kierunk\u00f3w dysponujemy kompleksow\u0105 wiedz\u0105 z zakresu nauk ekonomicznych. Od pocz\u0105tku dzia\u0142alno\u015bci prowadzimy wsp\u00f3\u0142prac\u0119 z otoczeniem biznesowym w tematyce konsultingu na Uniwersytecie. Organizowane przez nas &hellip; <\/p>\n","protected":false},"author":1,"featured_media":0,"parent":0,"menu_order":0,"comment_status":"closed","ping_status":"closed","template":"","meta":{"two_page_speed":[],"footnotes":""},"class_list":["post-33","page","type-page","status-publish","hentry","has-meta has-sticky-meta"],"_links":{"self":[{"href":"https:\/\/compertus.ue.poznan.pl\/index.php\/wp-json\/wp\/v2\/pages\/33","targetHints":{"allow":["GET"]}}],"collection":[{"href":"https:\/\/compertus.ue.poznan.pl\/index.php\/wp-json\/wp\/v2\/pages"}],"about":[{"href":"https:\/\/compertus.ue.poznan.pl\/index.php\/wp-json\/wp\/v2\/types\/page"}],"author":[{"embeddable":true,"href":"https:\/\/compertus.ue.poznan.pl\/index.php\/wp-json\/wp\/v2\/users\/1"}],"replies":[{"embeddable":true,"href":"https:\/\/compertus.ue.poznan.pl\/index.php\/wp-json\/wp\/v2\/comments?post=33"}],"version-history":[{"count":17,"href":"https:\/\/compertus.ue.poznan.pl\/index.php\/wp-json\/wp\/v2\/pages\/33\/revisions"}],"predecessor-version":[{"id":911,"href":"https:\/\/compertus.ue.poznan.pl\/index.php\/wp-json\/wp\/v2\/pages\/33\/revisions\/911"}],"wp:attachment":[{"href":"https:\/\/compertus.ue.poznan.pl\/index.php\/wp-json\/wp\/v2\/media?parent=33"}],"curies":[{"name":"wp","href":"https:\/\/api.w.org\/{rel}","templated":true}]}}